{"id":1292,"date":"2014-12-17T13:24:05","date_gmt":"2014-12-17T13:24:05","guid":{"rendered":"http:\/\/www.barbistrolentracte.com\/?page_id=1292"},"modified":"2021-08-23T21:06:09","modified_gmt":"2021-08-23T21:06:09","slug":"1292-2","status":"publish","type":"page","link":"http:\/\/www.barbistrolentracte.com\/en\/1292-2\/","title":{"rendered":"Blog"},"content":{"rendered":"[vc_row][vc_column]\n\t<div id=\"thb-posts-shortcode-69fb0754d4eb7\" class=\"posts-shortcode posts-style4  row  masonry   \" data-columns=\"1\" data-autoplay=\"\" data-autoplay-speed=\"4000\" data-pagination=\"true\" data-loadmore=\"#loadmore-48\" data-security=\"1cea4e08c1\">\n\t\t<div class=\"small-12 medium-6 small-12 large-12 columns\">\n\t<article itemscope itemtype=\"http:\/\/schema.org\/Article\" class=\"post style4  post-3373 type-post status-publish format-standard has-post-thumbnail hentry category-shows\">\n\t\t\t\t<figure class=\"post-gallery\">\n\t\t\t<a href=\"http:\/\/www.barbistrolentracte.com\/en\/david-rotundo-may-4-5\/\" rel=\"bookmark\" title=\"David Rotundo ( May, 4 &#038; 5)\">\n\t\t\t\t<img width=\"760\" height=\"507\" src=\"http:\/\/www.barbistrolentracte.com\/wp-content\/uploads\/2014\/12\/DavidRotundoGrosPlanShow.jpg\" class=\"attachment-revolution-masonry-x2 size-revolution-masonry-x2 wp-post-image\" alt=\"\" loading=\"lazy\" srcset=\"http:\/\/www.barbistrolentracte.com\/wp-content\/uploads\/2014\/12\/DavidRotundoGrosPlanShow.jpg 3888w, http:\/\/www.barbistrolentracte.com\/wp-content\/uploads\/2014\/12\/DavidRotundoGrosPlanShow-300x200.jpg 300w\" sizes=\"(max-width: 760px) 100vw, 760px\" \/>\t\t\t\t<div class=\"post-gallery-overlay\"><svg xmlns=\"http:\/\/www.w3.org\/2000\/svg\" xmlns:xlink=\"http:\/\/www.w3.org\/1999\/xlink\" x=\"0px\" y=\"0px\"\r\n\t width=\"30px\" height=\"18px\" viewBox=\"0 0 30 18\" enable-background=\"new 0 0 30 18\" xml:space=\"preserve\">\r\n<path class=\"handle\" d=\"M20.305,16.212c-0.407,0.409-0.407,1.071,0,1.479s1.068,0.408,1.476,0l7.914-7.952c0.408-0.409,0.408-1.071,0-1.481\r\n\tl-7.914-7.952c-0.407-0.409-1.068-0.409-1.476,0s-0.407,1.071,0,1.48l7.185,7.221L20.305,16.212z\"\/>\r\n<path class=\"bar\" fill-rule=\"evenodd\" clip-rule=\"evenodd\" d=\"M1,8h28.001c0.551,0,1,0.448,1,1c0,0.553-0.449,1-1,1H1c-0.553,0-1-0.447-1-1\r\n\tC0,8.448,0.447,8,1,8z\"\/>\r\n<\/svg>\r\n<\/div>\n\t\t\t<\/a>\n\t\t<\/figure>\n\t\t\t\t<div class=\"blog-content\">\n\t\t\t\t\t\t<aside class=\"post-category\">\n\t\t\t\t<a href=\"http:\/\/www.barbistrolentracte.com\/en\/category\/shows\/\" rel=\"category tag\">Shows<\/a>\t\t\t<\/aside>\n\t\t\t\t\t\t<header class=\"post-title entry-header\">\n\t\t\t\t<h3 class=\"entry-title\" itemprop=\"name headline\"><a href=\"http:\/\/www.barbistrolentracte.com\/en\/david-rotundo-may-4-5\/\" title=\"David Rotundo ( May, 4 &#038; 5)\">David Rotundo ( May, 4 &#038; 5)<\/a><\/h3>\t\t\t<\/header>\n\t\t\t\t\t\t\t<div class=\"post-content\">\n\t\t\t\t\t<p>Bar Bistro L&#8217;ENtracte Present Currently developing his career internationally, DAVID ROTUNDO will be back in&hellip;<\/p>\n\t\t\t\t<\/div>\n\t\t\t\t\t\t\t\t\t<aside class=\"post-meta\">\n\t\t\t\t2 February 2018\t\t\t<\/aside>\n\t\t\t\t\t<\/div>\n\t\t\t<aside class=\"post-bottom-meta hide\">\n\t\t<strong rel=\"author\" itemprop=\"author\" class=\"author\"><a href=\"http:\/\/www.barbistrolentracte.com\/en\/author\/lentracte\/\" title=\"Posts by Bar Bistro L&#039;Entracte\" rel=\"author\">Bar Bistro L'Entracte<\/a><\/strong>\n\t\t<time class=\"date published time\" datetime=\"2018-02-02T20:53:51+00:00\" itemprop=\"datePublished\" content=\"2018-02-02T20:53:51+00:00\">2018-02-02T20:53:51+00:00<\/time>\n\t\t<meta itemprop=\"dateModified\" class=\"date updated\" content=\"2018-02-02T20:53:51+00:00\">\n\t\t<span class=\"hide\" itemprop=\"publisher\" itemscope itemtype=\"https:\/\/schema.org\/Organization\">\n\t\t\t<meta itemprop=\"name\" content=\"Bar Bistro l&#039;Entracte\">\n\t\t\t<span itemprop=\"logo\" itemscope itemtype=\"https:\/\/schema.org\/ImageObject\">\n\t\t\t\t<meta itemprop=\"url\" content=\"http:\/\/www.barbistrolentracte.com\/wp-content\/uploads\/2016\/03\/Logo-Converted.jpg\">\n\t\t\t<\/span>\n\t\t\t<meta itemprop=\"url\" content=\"http:\/\/www.barbistrolentracte.com\/en\/\">\n\t\t<\/span>\n\t\t\t\t<span class=\"hide\" itemprop=\"image\" itemscope itemtype=\"http:\/\/schema.org\/ImageObject\">\n\t\t\t<meta itemprop=\"url\" content=\"http:\/\/www.barbistrolentracte.com\/wp-content\/uploads\/2014\/12\/DavidRotundoGrosPlanShow.jpg\">\n\t\t\t<meta itemprop=\"width\" content=\"3888\">\n\t\t\t<meta itemprop=\"height\" content=\"2592\">\n\t\t<\/span>\n\t\t\t\t<meta itemprop=\"mainEntityOfPage\" content=\"http:\/\/www.barbistrolentracte.com\/en\/david-rotundo-may-4-5\/\">\n\t<\/aside>\n\t\t<\/article>\n<\/div>\n<div class=\"small-12 medium-6 small-12 large-12 columns\">\n\t<article itemscope itemtype=\"http:\/\/schema.org\/Article\" class=\"post style4  post-3355 type-post status-publish format-standard hentry category-shows\">\n\t\t\t\t<div class=\"blog-content\">\n\t\t\t\t\t\t<aside class=\"post-category\">\n\t\t\t\t<a href=\"http:\/\/www.barbistrolentracte.com\/en\/category\/shows\/\" rel=\"category tag\">Shows<\/a>\t\t\t<\/aside>\n\t\t\t\t\t\t<header class=\"post-title entry-header\">\n\t\t\t\t<h3 class=\"entry-title\" itemprop=\"name headline\"><a href=\"http:\/\/www.barbistrolentracte.com\/en\/soiree-du-31-decembre-2017\/\" title=\"Soir\u00e9e du 31 d\u00e9cembre 2017\">Soir\u00e9e du 31 d\u00e9cembre 2017<\/a><\/h3>\t\t\t<\/header>\n\t\t\t\t\t\t\t<div class=\"post-content\">\n\t\t\t\t\t<p>Bar Bistro L&#8217;Entracte vous invitent Soir\u00e9e du 31 d\u00e9cembre!!!! Ronald Loiselle en spectacle!!! Pr\u00e9vente 12$&hellip;<\/p>\n\t\t\t\t<\/div>\n\t\t\t\t\t\t\t\t\t<aside class=\"post-meta\">\n\t\t\t\t18 December 2017\t\t\t<\/aside>\n\t\t\t\t\t<\/div>\n\t\t\t<aside class=\"post-bottom-meta hide\">\n\t\t<strong rel=\"author\" itemprop=\"author\" class=\"author\"><a href=\"http:\/\/www.barbistrolentracte.com\/en\/author\/lentracte\/\" title=\"Posts by Bar Bistro L&#039;Entracte\" rel=\"author\">Bar Bistro L'Entracte<\/a><\/strong>\n\t\t<time class=\"date published time\" datetime=\"2017-12-18T23:48:54+00:00\" itemprop=\"datePublished\" content=\"2017-12-18T23:48:54+00:00\">2017-12-18T23:48:54+00:00<\/time>\n\t\t<meta itemprop=\"dateModified\" class=\"date updated\" content=\"2017-12-18T23:50:09+00:00\">\n\t\t<span class=\"hide\" itemprop=\"publisher\" itemscope itemtype=\"https:\/\/schema.org\/Organization\">\n\t\t\t<meta itemprop=\"name\" content=\"Bar Bistro l&#039;Entracte\">\n\t\t\t<span itemprop=\"logo\" itemscope itemtype=\"https:\/\/schema.org\/ImageObject\">\n\t\t\t\t<meta itemprop=\"url\" content=\"http:\/\/www.barbistrolentracte.com\/wp-content\/uploads\/2016\/03\/Logo-Converted.jpg\">\n\t\t\t<\/span>\n\t\t\t<meta itemprop=\"url\" content=\"http:\/\/www.barbistrolentracte.com\/en\/\">\n\t\t<\/span>\n\t\t\t\t<meta itemprop=\"mainEntityOfPage\" content=\"http:\/\/www.barbistrolentracte.com\/en\/soiree-du-31-decembre-2017\/\">\n\t<\/aside>\n\t\t<\/article>\n<\/div>\n<div class=\"small-12 medium-6 small-12 large-12 columns\">\n\t<article itemscope itemtype=\"http:\/\/schema.org\/Article\" class=\"post style4  post-3032 type-post status-publish format-standard has-post-thumbnail hentry category-english-spectacles category-shows\">\n\t\t\t\t<figure class=\"post-gallery\">\n\t\t\t<a href=\"http:\/\/www.barbistrolentracte.com\/en\/artistes-au-bar-bistro-lentracte\/\" rel=\"bookmark\" title=\"Artists at Bar Bistro L\u2019Entracte\">\n\t\t\t\t<img width=\"760\" height=\"505\" src=\"http:\/\/www.barbistrolentracte.com\/wp-content\/uploads\/2014\/12\/ShowAtLentraces.jpg\" class=\"attachment-revolution-masonry-x2 size-revolution-masonry-x2 wp-post-image\" alt=\"\" loading=\"lazy\" srcset=\"http:\/\/www.barbistrolentracte.com\/wp-content\/uploads\/2014\/12\/ShowAtLentraces.jpg 3008w, http:\/\/www.barbistrolentracte.com\/wp-content\/uploads\/2014\/12\/ShowAtLentraces-300x199.jpg 300w\" sizes=\"(max-width: 760px) 100vw, 760px\" \/>\t\t\t\t<div class=\"post-gallery-overlay\"><svg xmlns=\"http:\/\/www.w3.org\/2000\/svg\" xmlns:xlink=\"http:\/\/www.w3.org\/1999\/xlink\" x=\"0px\" y=\"0px\"\r\n\t width=\"30px\" height=\"18px\" viewBox=\"0 0 30 18\" enable-background=\"new 0 0 30 18\" xml:space=\"preserve\">\r\n<path class=\"handle\" d=\"M20.305,16.212c-0.407,0.409-0.407,1.071,0,1.479s1.068,0.408,1.476,0l7.914-7.952c0.408-0.409,0.408-1.071,0-1.481\r\n\tl-7.914-7.952c-0.407-0.409-1.068-0.409-1.476,0s-0.407,1.071,0,1.48l7.185,7.221L20.305,16.212z\"\/>\r\n<path class=\"bar\" fill-rule=\"evenodd\" clip-rule=\"evenodd\" d=\"M1,8h28.001c0.551,0,1,0.448,1,1c0,0.553-0.449,1-1,1H1c-0.553,0-1-0.447-1-1\r\n\tC0,8.448,0.447,8,1,8z\"\/>\r\n<\/svg>\r\n<\/div>\n\t\t\t<\/a>\n\t\t<\/figure>\n\t\t\t\t<div class=\"blog-content\">\n\t\t\t\t\t\t<aside class=\"post-category\">\n\t\t\t\t<a href=\"http:\/\/www.barbistrolentracte.com\/en\/category\/english-spectacles\/\" rel=\"category tag\">[English] Spectacles<\/a>, <a href=\"http:\/\/www.barbistrolentracte.com\/en\/category\/shows\/\" rel=\"category tag\">Shows<\/a>\t\t\t<\/aside>\n\t\t\t\t\t\t<header class=\"post-title entry-header\">\n\t\t\t\t<h3 class=\"entry-title\" itemprop=\"name headline\"><a href=\"http:\/\/www.barbistrolentracte.com\/en\/artistes-au-bar-bistro-lentracte\/\" title=\"Artists at Bar Bistro L\u2019Entracte\">Artists at Bar Bistro L\u2019Entracte<\/a><\/h3>\t\t\t<\/header>\n\t\t\t\t\t\t\t<div class=\"post-content\">\n\t\t\t\t\t<p>[English] Alan Gerber Barbara Secours Bhareth And His Rhytm Four Bobby Bazini Bryan Lee Carl&hellip;<\/p>\n\t\t\t\t<\/div>\n\t\t\t\t\t\t\t\t\t<aside class=\"post-meta\">\n\t\t\t\t26 July 2016\t\t\t<\/aside>\n\t\t\t\t\t<\/div>\n\t\t\t<aside class=\"post-bottom-meta hide\">\n\t\t<strong rel=\"author\" itemprop=\"author\" class=\"author\"><a href=\"http:\/\/www.barbistrolentracte.com\/en\/author\/cetcr795\/\" title=\"Posts by cetcr795\" rel=\"author\">cetcr795<\/a><\/strong>\n\t\t<time class=\"date published time\" datetime=\"2016-07-26T19:33:10+00:00\" itemprop=\"datePublished\" content=\"2016-07-26T19:33:10+00:00\">2016-07-26T19:33:10+00:00<\/time>\n\t\t<meta itemprop=\"dateModified\" class=\"date updated\" content=\"2016-07-26T19:35:35+00:00\">\n\t\t<span class=\"hide\" itemprop=\"publisher\" itemscope itemtype=\"https:\/\/schema.org\/Organization\">\n\t\t\t<meta itemprop=\"name\" content=\"Bar Bistro l&#039;Entracte\">\n\t\t\t<span itemprop=\"logo\" itemscope itemtype=\"https:\/\/schema.org\/ImageObject\">\n\t\t\t\t<meta itemprop=\"url\" content=\"http:\/\/www.barbistrolentracte.com\/wp-content\/uploads\/2016\/03\/Logo-Converted.jpg\">\n\t\t\t<\/span>\n\t\t\t<meta itemprop=\"url\" content=\"http:\/\/www.barbistrolentracte.com\/en\/\">\n\t\t<\/span>\n\t\t\t\t<span class=\"hide\" itemprop=\"image\" itemscope itemtype=\"http:\/\/schema.org\/ImageObject\">\n\t\t\t<meta itemprop=\"url\" content=\"http:\/\/www.barbistrolentracte.com\/wp-content\/uploads\/2014\/12\/ShowAtLentraces.jpg\">\n\t\t\t<meta itemprop=\"width\" content=\"3008\">\n\t\t\t<meta itemprop=\"height\" content=\"2000\">\n\t\t<\/span>\n\t\t\t\t<meta itemprop=\"mainEntityOfPage\" content=\"http:\/\/www.barbistrolentracte.com\/en\/artistes-au-bar-bistro-lentracte\/\">\n\t<\/aside>\n\t\t<\/article>\n<\/div>\n<div class=\"small-12 medium-6 small-12 large-12 columns\">\n\t<article itemscope itemtype=\"http:\/\/schema.org\/Article\" class=\"post style4  post-2644 type-post status-publish format-standard has-post-thumbnail hentry category-uncategorized-en\">\n\t\t\t\t<figure class=\"post-gallery\">\n\t\t\t<a href=\"http:\/\/www.barbistrolentracte.com\/en\/sushi-now-available-7-days-a-week\/\" rel=\"bookmark\" title=\"Sushi now available 7 days a week\">\n\t\t\t\t<img width=\"760\" height=\"1135\" src=\"http:\/\/www.barbistrolentracte.com\/wp-content\/uploads\/2016\/02\/DSC7711.jpg\" class=\"attachment-revolution-masonry-x2 size-revolution-masonry-x2 wp-post-image\" alt=\"\" loading=\"lazy\" srcset=\"http:\/\/www.barbistrolentracte.com\/wp-content\/uploads\/2016\/02\/DSC7711.jpg 2592w, http:\/\/www.barbistrolentracte.com\/wp-content\/uploads\/2016\/02\/DSC7711-200x300.jpg 200w, http:\/\/www.barbistrolentracte.com\/wp-content\/uploads\/2016\/02\/DSC7711-685x1024.jpg 685w\" sizes=\"(max-width: 760px) 100vw, 760px\" \/>\t\t\t\t<div class=\"post-gallery-overlay\"><svg xmlns=\"http:\/\/www.w3.org\/2000\/svg\" xmlns:xlink=\"http:\/\/www.w3.org\/1999\/xlink\" x=\"0px\" y=\"0px\"\r\n\t width=\"30px\" height=\"18px\" viewBox=\"0 0 30 18\" enable-background=\"new 0 0 30 18\" xml:space=\"preserve\">\r\n<path class=\"handle\" d=\"M20.305,16.212c-0.407,0.409-0.407,1.071,0,1.479s1.068,0.408,1.476,0l7.914-7.952c0.408-0.409,0.408-1.071,0-1.481\r\n\tl-7.914-7.952c-0.407-0.409-1.068-0.409-1.476,0s-0.407,1.071,0,1.48l7.185,7.221L20.305,16.212z\"\/>\r\n<path class=\"bar\" fill-rule=\"evenodd\" clip-rule=\"evenodd\" d=\"M1,8h28.001c0.551,0,1,0.448,1,1c0,0.553-0.449,1-1,1H1c-0.553,0-1-0.447-1-1\r\n\tC0,8.448,0.447,8,1,8z\"\/>\r\n<\/svg>\r\n<\/div>\n\t\t\t<\/a>\n\t\t<\/figure>\n\t\t\t\t<div class=\"blog-content\">\n\t\t\t\t\t\t<aside class=\"post-category\">\n\t\t\t\t<a href=\"http:\/\/www.barbistrolentracte.com\/en\/category\/uncategorized-en\/\" rel=\"category tag\">Uncategorized @en<\/a>\t\t\t<\/aside>\n\t\t\t\t\t\t<header class=\"post-title entry-header\">\n\t\t\t\t<h3 class=\"entry-title\" itemprop=\"name headline\"><a href=\"http:\/\/www.barbistrolentracte.com\/en\/sushi-now-available-7-days-a-week\/\" title=\"Sushi now available 7 days a week\">Sushi now available 7 days a week<\/a><\/h3>\t\t\t<\/header>\n\t\t\t\t\t\t\t<div class=\"post-content\">\n\t\t\t\t\t<p>&#8211; Announcement &#8211; Bar Bistro L&#8217;Entracte. Takeout or at the restaurant is offered. reservation and&hellip;<\/p>\n\t\t\t\t<\/div>\n\t\t\t\t\t\t\t\t\t<aside class=\"post-meta\">\n\t\t\t\t6 February 2016\t\t\t<\/aside>\n\t\t\t\t\t<\/div>\n\t\t\t<aside class=\"post-bottom-meta hide\">\n\t\t<strong rel=\"author\" itemprop=\"author\" class=\"author\"><a href=\"http:\/\/www.barbistrolentracte.com\/en\/author\/lentracte\/\" title=\"Posts by Bar Bistro L&#039;Entracte\" rel=\"author\">Bar Bistro L'Entracte<\/a><\/strong>\n\t\t<time class=\"date published time\" datetime=\"2016-02-06T00:15:24+00:00\" itemprop=\"datePublished\" content=\"2016-02-06T00:15:24+00:00\">2016-02-06T00:15:24+00:00<\/time>\n\t\t<meta itemprop=\"dateModified\" class=\"date updated\" content=\"2016-07-27T16:47:30+00:00\">\n\t\t<span class=\"hide\" itemprop=\"publisher\" itemscope itemtype=\"https:\/\/schema.org\/Organization\">\n\t\t\t<meta itemprop=\"name\" content=\"Bar Bistro l&#039;Entracte\">\n\t\t\t<span itemprop=\"logo\" itemscope itemtype=\"https:\/\/schema.org\/ImageObject\">\n\t\t\t\t<meta itemprop=\"url\" content=\"http:\/\/www.barbistrolentracte.com\/wp-content\/uploads\/2016\/03\/Logo-Converted.jpg\">\n\t\t\t<\/span>\n\t\t\t<meta itemprop=\"url\" content=\"http:\/\/www.barbistrolentracte.com\/en\/\">\n\t\t<\/span>\n\t\t\t\t<span class=\"hide\" itemprop=\"image\" itemscope itemtype=\"http:\/\/schema.org\/ImageObject\">\n\t\t\t<meta itemprop=\"url\" content=\"http:\/\/www.barbistrolentracte.com\/wp-content\/uploads\/2016\/02\/DSC7711.jpg\">\n\t\t\t<meta itemprop=\"width\" content=\"2592\">\n\t\t\t<meta itemprop=\"height\" content=\"3872\">\n\t\t<\/span>\n\t\t\t\t<meta itemprop=\"mainEntityOfPage\" content=\"http:\/\/www.barbistrolentracte.com\/en\/sushi-now-available-7-days-a-week\/\">\n\t<\/aside>\n\t\t<\/article>\n<\/div>\n<div class=\"small-12 medium-6 small-12 large-12 columns\">\n\t<article itemscope itemtype=\"http:\/\/schema.org\/Article\" class=\"post style4  post-2010 type-post status-publish format-standard has-post-thumbnail hentry category-uncategorized-en\">\n\t\t\t\t<figure class=\"post-gallery\">\n\t\t\t<a href=\"http:\/\/www.barbistrolentracte.com\/en\/26-fevrier-2015-fanny-bloom\/\" rel=\"bookmark\" title=\"[English] 26 f\u00e9vrier 2015: Fanny Bloom\">\n\t\t\t\t<img width=\"300\" height=\"300\" src=\"http:\/\/www.barbistrolentracte.com\/wp-content\/uploads\/2014\/12\/fanny1.jpg\" class=\"attachment-revolution-masonry-x2 size-revolution-masonry-x2 wp-post-image\" alt=\"\" loading=\"lazy\" srcset=\"http:\/\/www.barbistrolentracte.com\/wp-content\/uploads\/2014\/12\/fanny1.jpg 300w, http:\/\/www.barbistrolentracte.com\/wp-content\/uploads\/2014\/12\/fanny1-150x150.jpg 150w\" sizes=\"(max-width: 300px) 100vw, 300px\" \/>\t\t\t\t<div class=\"post-gallery-overlay\"><svg xmlns=\"http:\/\/www.w3.org\/2000\/svg\" xmlns:xlink=\"http:\/\/www.w3.org\/1999\/xlink\" x=\"0px\" y=\"0px\"\r\n\t width=\"30px\" height=\"18px\" viewBox=\"0 0 30 18\" enable-background=\"new 0 0 30 18\" xml:space=\"preserve\">\r\n<path class=\"handle\" d=\"M20.305,16.212c-0.407,0.409-0.407,1.071,0,1.479s1.068,0.408,1.476,0l7.914-7.952c0.408-0.409,0.408-1.071,0-1.481\r\n\tl-7.914-7.952c-0.407-0.409-1.068-0.409-1.476,0s-0.407,1.071,0,1.48l7.185,7.221L20.305,16.212z\"\/>\r\n<path class=\"bar\" fill-rule=\"evenodd\" clip-rule=\"evenodd\" d=\"M1,8h28.001c0.551,0,1,0.448,1,1c0,0.553-0.449,1-1,1H1c-0.553,0-1-0.447-1-1\r\n\tC0,8.448,0.447,8,1,8z\"\/>\r\n<\/svg>\r\n<\/div>\n\t\t\t<\/a>\n\t\t<\/figure>\n\t\t\t\t<div class=\"blog-content\">\n\t\t\t\t\t\t<aside class=\"post-category\">\n\t\t\t\t<a href=\"http:\/\/www.barbistrolentracte.com\/en\/category\/uncategorized-en\/\" rel=\"category tag\">Uncategorized @en<\/a>\t\t\t<\/aside>\n\t\t\t\t\t\t<header class=\"post-title entry-header\">\n\t\t\t\t<h3 class=\"entry-title\" itemprop=\"name headline\"><a href=\"http:\/\/www.barbistrolentracte.com\/en\/26-fevrier-2015-fanny-bloom\/\" title=\"[English] 26 f\u00e9vrier 2015: Fanny Bloom\">[English] <!--:fr-->26 f\u00e9vrier 2015: Fanny Bloom<!--:--><\/a><\/h3>\t\t\t<\/header>\n\t\t\t\t\t\t\t<div class=\"post-content\">\n\t\t\t\t\t<p>Bar Bistro L&#8217;Entracte 26 thursday february 2015 Buy your tickets Pre sale 28$ At the&hellip;<\/p>\n\t\t\t\t<\/div>\n\t\t\t\t\t\t\t\t\t<aside class=\"post-meta\">\n\t\t\t\t1 December 2014\t\t\t<\/aside>\n\t\t\t\t\t<\/div>\n\t\t\t<aside class=\"post-bottom-meta hide\">\n\t\t<strong rel=\"author\" itemprop=\"author\" class=\"author\"><a href=\"http:\/\/www.barbistrolentracte.com\/en\/author\/lentracte\/\" title=\"Posts by Bar Bistro L&#039;Entracte\" rel=\"author\">Bar Bistro L'Entracte<\/a><\/strong>\n\t\t<time class=\"date published time\" datetime=\"2014-12-01T17:34:50+00:00\" itemprop=\"datePublished\" content=\"2014-12-01T17:34:50+00:00\">2014-12-01T17:34:50+00:00<\/time>\n\t\t<meta itemprop=\"dateModified\" class=\"date updated\" content=\"2020-10-15T16:49:14+00:00\">\n\t\t<span class=\"hide\" itemprop=\"publisher\" itemscope itemtype=\"https:\/\/schema.org\/Organization\">\n\t\t\t<meta itemprop=\"name\" content=\"Bar Bistro l&#039;Entracte\">\n\t\t\t<span itemprop=\"logo\" itemscope itemtype=\"https:\/\/schema.org\/ImageObject\">\n\t\t\t\t<meta itemprop=\"url\" content=\"http:\/\/www.barbistrolentracte.com\/wp-content\/uploads\/2016\/03\/Logo-Converted.jpg\">\n\t\t\t<\/span>\n\t\t\t<meta itemprop=\"url\" content=\"http:\/\/www.barbistrolentracte.com\/en\/\">\n\t\t<\/span>\n\t\t\t\t<span class=\"hide\" itemprop=\"image\" itemscope itemtype=\"http:\/\/schema.org\/ImageObject\">\n\t\t\t<meta itemprop=\"url\" content=\"http:\/\/www.barbistrolentracte.com\/wp-content\/uploads\/2014\/12\/fanny1.jpg\">\n\t\t\t<meta itemprop=\"width\" content=\"300\">\n\t\t\t<meta itemprop=\"height\" content=\"300\">\n\t\t<\/span>\n\t\t\t\t<meta itemprop=\"mainEntityOfPage\" content=\"http:\/\/www.barbistrolentracte.com\/en\/26-fevrier-2015-fanny-bloom\/\">\n\t<\/aside>\n\t\t<\/article>\n<\/div>\n\t<\/div>\n\t\t[\/vc_column][\/vc_row]\n","protected":false},"excerpt":{"rendered":"<p>[vc_row][vc_column][\/vc_column][\/vc_row]<\/p>\n","protected":false},"author":2,"featured_media":0,"parent":0,"menu_order":0,"comment_status":"closed","ping_status":"closed","template":"","meta":[],"_links":{"self":[{"href":"http:\/\/www.barbistrolentracte.com\/en\/wp-json\/wp\/v2\/pages\/1292"}],"collection":[{"href":"http:\/\/www.barbistrolentracte.com\/en\/wp-json\/wp\/v2\/pages"}],"about":[{"href":"http:\/\/www.barbistrolentracte.com\/en\/wp-json\/wp\/v2\/types\/page"}],"author":[{"embeddable":true,"href":"http:\/\/www.barbistrolentracte.com\/en\/wp-json\/wp\/v2\/users\/2"}],"replies":[{"embeddable":true,"href":"http:\/\/www.barbistrolentracte.com\/en\/wp-json\/wp\/v2\/comments?post=1292"}],"version-history":[{"count":7,"href":"http:\/\/www.barbistrolentracte.com\/en\/wp-json\/wp\/v2\/pages\/1292\/revisions"}],"predecessor-version":[{"id":4295,"href":"http:\/\/www.barbistrolentracte.com\/en\/wp-json\/wp\/v2\/pages\/1292\/revisions\/4295"}],"wp:attachment":[{"href":"http:\/\/www.barbistrolentracte.com\/en\/wp-json\/wp\/v2\/media?parent=1292"}],"curies":[{"name":"wp","href":"https:\/\/api.w.org\/{rel}","templated":true}]}}